{"id":766,"date":"2021-01-28T23:18:57","date_gmt":"2021-01-28T22:18:57","guid":{"rendered":"https:\/\/geo-fm.de\/brandin\/log-a-support-ticket\/"},"modified":"2025-05-19T13:00:23","modified_gmt":"2025-05-19T11:00:23","slug":"log-a-support-ticket","status":"publish","type":"page","link":"https:\/\/geo-fm.de\/brandin\/support\/log-a-support-ticket\/","title":{"rendered":"Support Ticket"},"content":{"rendered":"\n<p>Wir bieten Ihnen einen umfassenden professionellen Support f\u00fcr Ihre Aufgabenstellungen und Ihrer GIS- und CAD-Systeme an. <\/p>\n\n\n\n<p>Unterst\u00fctzte Systeme: <strong>BricsCAD<\/strong><sup>\u00ae<\/sup>, Qgis, Autodesk (AutoCAD, Civil 3D, MAP 3D, Infraworks)<\/p>\n\n\n\n<p class=\"has-text-color has-link-color has-large-font-size wp-elements-080e981a9162e34f293eb4ec6f2ef83e\" style=\"color:#1d7385;font-style:normal;font-weight:400\"><strong>Punkte f\u00fcr den Support<\/strong><\/p>\n\n\n\n<p>Der Support kann \u00fcber eine Support-Punktekarte erfolgen oder \u00fcber einen j\u00e4hrlichen Supportvertrag. Sprechen Sie uns gern an.<\/p>\n\n\n\n<p><strong>Kontaktieren Sie&nbsp;<\/strong>unser Support-Team:<\/p>\n\n\n\n<ul class=\"wp-block-list\">\n<li class=\"has-black-color has-text-color has-link-color has-medium-font-size wp-elements-0062f19445d73a6500196c15a8e0be1d\" style=\"font-style:normal;font-weight:400\"><strong>per E-Mail:&nbsp;<\/strong><a href=\"mailto:support@geo-fm.de?subject=Supportanfrage\">support@geo-fm.de<\/a><\/li>\n\n\n\n<li><strong>Telefon:<\/strong> +49 421 70821206<\/li>\n\n\n\n<li><strong>werktags<\/strong>&nbsp;von Mo-Do 9-16 Uhr + Fr 9-14 Uhr<\/li>\n\n\n\n<li><strong>Antwort erhalten<\/strong> Sie per E-Mail oder bei Bedarf per Telefon, Fernwartungssoftware (MS-Teams oder Rustdesk)<\/li>\n<\/ul>\n","protected":false},"excerpt":{"rendered":"<p>Wir bieten Ihnen einen umfassenden professionellen Support f\u00fcr Ihre Aufgabenstellungen und Ihrer GIS- und CAD-Systeme an. Unterst\u00fctzte Systeme: BricsCAD\u00ae, Qgis, Autodesk (AutoCAD, Civil 3D, MAP 3D, Infraworks) Punkte f\u00fcr den Support Der Support kann \u00fcber eine Support-Punktekarte erfolgen oder \u00fcber einen j\u00e4hrlichen Supportvertrag. Sprechen Sie uns gern an. Kontaktieren Sie&nbsp;unser Support-Team:<\/p>\n","protected":false},"author":1,"featured_media":0,"parent":598,"menu_order":1,"comment_status":"closed","ping_status":"closed","template":"","meta":{"footnotes":""},"class_list":["post-766","page","type-page","status-publish","hentry"],"_links":{"self":[{"href":"https:\/\/geo-fm.de\/brandin\/wp-json\/wp\/v2\/pages\/766","targetHints":{"allow":["GET"]}}],"collection":[{"href":"https:\/\/geo-fm.de\/brandin\/wp-json\/wp\/v2\/pages"}],"about":[{"href":"https:\/\/geo-fm.de\/brandin\/wp-json\/wp\/v2\/types\/page"}],"author":[{"embeddable":true,"href":"https:\/\/geo-fm.de\/brandin\/wp-json\/wp\/v2\/users\/1"}],"replies":[{"embeddable":true,"href":"https:\/\/geo-fm.de\/brandin\/wp-json\/wp\/v2\/comments?post=766"}],"version-history":[{"count":7,"href":"https:\/\/geo-fm.de\/brandin\/wp-json\/wp\/v2\/pages\/766\/revisions"}],"predecessor-version":[{"id":1162,"href":"https:\/\/geo-fm.de\/brandin\/wp-json\/wp\/v2\/pages\/766\/revisions\/1162"}],"up":[{"embeddable":true,"href":"https:\/\/geo-fm.de\/brandin\/wp-json\/wp\/v2\/pages\/598"}],"wp:attachment":[{"href":"https:\/\/geo-fm.de\/brandin\/wp-json\/wp\/v2\/media?parent=766"}],"curies":[{"name":"wp","href":"https:\/\/api.w.org\/{rel}","templated":true}]}}