{"id":469,"date":"2009-01-03T21:15:24","date_gmt":"2009-01-03T19:15:24","guid":{"rendered":"http:\/\/geo-fm.de\/brandin\/?page_id=2"},"modified":"2025-05-28T13:39:04","modified_gmt":"2025-05-28T11:39:04","slug":"about","status":"publish","type":"page","link":"https:\/\/geo-fm.de\/brandin\/","title":{"rendered":"\u00dcber uns"},"content":{"rendered":"\n<div class=\"wp-block-columns is-layout-flex wp-container-core-columns-is-layout-9d6595d7 wp-block-columns-is-layout-flex\">\n<div class=\"wp-block-column is-layout-flow wp-block-column-is-layout-flow\">\n<p style=\"font-size:15px\"><strong>D<\/strong>ie Firma <strong>Brandin<\/strong> <strong>Geo<\/strong>&#8211; &amp; <strong>FM<\/strong> <strong>Consulting<\/strong> <strong>e.K.<\/strong> ist ein interdisziplin\u00e4res Dienstleistungsunternehmen mit den Schwerpunkten Geoinformatik (<strong>GIS<\/strong>), Computer-aided design (<strong>CAD<\/strong>) und Facility Management (<strong>FM<\/strong>) und wurde 2005 in Bremen gegr\u00fcndet.<\/p>\n\n\n\n<p style=\"font-size:15px\">Die Gesch\u00e4ftsbereiche gliedern sich in GIS-, CAD und FM- und Vermessungsdienstleistungen, <strong>Softwareanpassung-\/entwicklung<\/strong>, <strong>Vertrieb<\/strong> von GIS-, CAD und FM-Produkten, <strong>System- und Datenservice<\/strong> sowie <strong>Beratung<\/strong> und <strong>Schulung<\/strong>. Seit 2025 sind wir Entwicklungs- und Vertriebspartner von <strong>BricsCAD<\/strong>.<\/p>\n\n\n\n<p style=\"font-size:15px\">Wir verf\u00fcgen \u00fcber die Kompetenz zur Durchf\u00fchrung anspruchsvoller Projekte von der Konzeption bis zur Realisierung. Die Projektschwerpunkte liegen in der Digitalisierung, Softwareanpassung- und entwicklung, Datenbankmodellierung und Schulungen im Umfeld von GIS-, CAD und FM-&nbsp;Systemen.<\/p>\n\n\n\n<p class=\"has-small-font-size\"><\/p>\n<\/div>\n\n\n\n<div class=\"wp-block-column is-layout-flow wp-block-column-is-layout-flow\">\n<p style=\"font-size:15px\">Im Segment Consulting unterst\u00fctzen wir Unternehmen und Verwaltungen bei dem Aufbau und Betrieb von GIS-, CAD und FM-Systemen. Wir erstellen f\u00fcr unsere Kunden Bedarfsanalysen, Konzepte zur Datenerhebung und beraten bei der Wahl eines GIS-, CAD und FM\u2011Systems.<\/p>\n\n\n\n<p style=\"font-size:15px\">Das Segment System- und Datenservice f\u00fchrt Datenaufnahmen vor Ort, Datenerfassung, Konvertierungen, Installation von Software und Programmierung in den Bereichen GIS-, CAD und FM durch. Im Bereich Datenerfassung und Konvertierung beliefern wir fast alle auf dem Markt etablierten Systeme.<\/p>\n\n\n\n<p style=\"font-size:15px\">Die Firma \u201eBrandin Geo- &amp; FM-Consulting e.K\u201c verf\u00fcgt durch die langj\u00e4hrige T\u00e4tigkeit im GIS-, CAD und FM- Umfeld \u00fcber ein fundiertes Wissensspektrum.<\/p>\n\n\n\n<p style=\"font-size:15px\">Wir w\u00fcrden uns freuen, Ihnen als kompetenter Partner f\u00fcr Ihre innovativen GIS-, CAD und FM- L\u00f6sungen zur Verf\u00fcgung stehen zu k\u00f6nnen.<\/p>\n\n\n\n<p style=\"font-size:15px\">Gern stehen wir Ihnen zu einem unverbindlichen Gespr\u00e4ch bei Ihnen vor Ort oder auch Online oder im Bremer B\u00fcro zur Verf\u00fcgung.<\/p>\n<\/div>\n<\/div>\n","protected":false},"excerpt":{"rendered":"<p>Die Firma Brandin Geo&#8211; &amp; FM Consulting e.K. ist ein interdisziplin\u00e4res Dienstleistungsunternehmen mit den Schwerpunkten Geoinformatik (GIS), Computer-aided design (CAD) und Facility Management (FM) und wurde 2005 in Bremen gegr\u00fcndet. Die Gesch\u00e4ftsbereiche gliedern sich in GIS-, CAD und FM- und Vermessungsdienstleistungen, Softwareanpassung-\/entwicklung, Vertrieb von GIS-, CAD und FM-Produkten, System- und Datenservice sowie Beratung und Schulung. Seit 2025 sind wir Entwicklungs- und Vertriebspartner von BricsCAD. Wir verf\u00fcgen \u00fcber die Kompetenz zur Durchf\u00fchrung anspruchsvoller Projekte von der Konzeption bis zur Realisierung. Die Projektschwerpunkte liegen in der Digitalisierung, Softwareanpassung- und entwicklung, Datenbankmodellierung und Schulungen im Umfeld von GIS-, CAD und FM-&nbsp;Systemen. Im Segment <a href=\"https:\/\/geo-fm.de\/brandin\/\" class=\"more-link\">Read More<\/a><\/p>\n","protected":false},"author":1,"featured_media":0,"parent":0,"menu_order":0,"comment_status":"closed","ping_status":"closed","template":"","meta":{"footnotes":""},"class_list":["post-469","page","type-page","status-publish","hentry"],"_links":{"self":[{"href":"https:\/\/geo-fm.de\/brandin\/wp-json\/wp\/v2\/pages\/469","targetHints":{"allow":["GET"]}}],"collection":[{"href":"https:\/\/geo-fm.de\/brandin\/wp-json\/wp\/v2\/pages"}],"about":[{"href":"https:\/\/geo-fm.de\/brandin\/wp-json\/wp\/v2\/types\/page"}],"author":[{"embeddable":true,"href":"https:\/\/geo-fm.de\/brandin\/wp-json\/wp\/v2\/users\/1"}],"replies":[{"embeddable":true,"href":"https:\/\/geo-fm.de\/brandin\/wp-json\/wp\/v2\/comments?post=469"}],"version-history":[{"count":9,"href":"https:\/\/geo-fm.de\/brandin\/wp-json\/wp\/v2\/pages\/469\/revisions"}],"predecessor-version":[{"id":1271,"href":"https:\/\/geo-fm.de\/brandin\/wp-json\/wp\/v2\/pages\/469\/revisions\/1271"}],"wp:attachment":[{"href":"https:\/\/geo-fm.de\/brandin\/wp-json\/wp\/v2\/media?parent=469"}],"curies":[{"name":"wp","href":"https:\/\/api.w.org\/{rel}","templated":true}]}}